{"id":11367,"date":"2018-03-19T14:42:09","date_gmt":"2018-03-19T18:42:09","guid":{"rendered":"https:\/\/ctdev.aspengrovestudios.space\/?page_id=6677"},"modified":"2026-03-19T14:33:16","modified_gmt":"2026-03-19T18:33:16","slug":"donate","status":"publish","type":"page","link":"https:\/\/heaf.org\/es\/donate\/","title":{"rendered":"Donar"},"content":{"rendered":"<p>[et_pb_section fb_built=&#8221;1&#8243; _builder_version=&#8221;4.16&#8243; _module_preset=&#8221;default&#8221; custom_margin=&#8221;0px||0px||true|false&#8221; custom_padding=&#8221;0px||0px||true|false&#8221; global_colors_info=&#8221;{}&#8221;][et_pb_row use_custom_gutter=&#8221;on&#8221; make_equal=&#8221;on&#8221; _builder_version=&#8221;4.27.4&#8243; _module_preset=&#8221;default&#8221; background_enable_color=&#8221;off&#8221; width=&#8221;100%&#8221; max_width=&#8221;none&#8221; min_height=&#8221;70.6px&#8221; custom_margin=&#8221;0px||0px||true|false&#8221; custom_padding=&#8221;20px|10%|20px|10%|true|true&#8221; global_colors_info=&#8221;{}&#8221;][et_pb_column type=&#8221;4_4&#8243; _builder_version=&#8221;4.16&#8243; _module_preset=&#8221;default&#8221; custom_padding=&#8221;0px||0px||true|false&#8221; global_colors_info=&#8221;{}&#8221;][et_pb_image src=&#8221;https:\/\/heaf.org\/wp-content\/uploads\/2025\/04\/HEAF_Banner-scaled.png&#8221; title_text=&#8221;HEAF_Banner&#8221; align=&#8221;center&#8221; _builder_version=&#8221;4.27.5&#8243; _module_preset=&#8221;default&#8221; max_width=&#8221;80%&#8221; module_alignment=&#8221;center&#8221; max_height=&#8221;388px&#8221; global_colors_info=&#8221;{}&#8221;][\/et_pb_image][et_pb_text _builder_version=&#8221;4.27.5&#8243; _module_preset=&#8221;default&#8221; header_text_color=&#8221;#234289&#8243; header_2_text_color=&#8221;#F79420&#8243; custom_margin=&#8221;10px||10px||true|false&#8221; global_colors_info=&#8221;{}&#8221;]<\/p>\n<h1 style=\"text-align: center;\"><strong>Support students to achieve their dreams!<\/strong><\/h1>\n<h2 style=\"text-align: center;\"><b>DONATE TODAY!<\/b><\/h2>\n<p>[\/et_pb_text][et_pb_code _builder_version=&#8221;4.27.5&#8243; _module_preset=&#8221;default&#8221; custom_padding=&#8221;||10px||false|false&#8221; hover_enabled=&#8221;0&#8243; border_color_all=&#8221;#234289&#8243; global_colors_info=&#8221;{}&#8221; sticky_enabled=&#8221;0&#8243;]<!-- Begin Give Lively Fundraising Widget --><!-- [et_pb_line_break_holder] --><script>gl=document.createElement('script');gl.src='https:\/\/secure.givelively.org\/widgets\/simple_donation\/harlem-educational-activities-fund-inc.js?show_suggested_amount_buttons=true&show_in_honor_of=false&address_required=false&has_required_custom_question=null&suggested_donation_amounts[]=25&suggested_donation_amounts[]=50&suggested_donation_amounts[]=100&suggested_donation_amounts[]=250';document.getElementsByTagName('head')[0].appendChild(gl);<\/script><\/p>\n<div id=\"give-lively-widget\" class=\"gl-simple-donation-widget\"><\/div>\n<p><!-- [et_pb_line_break_holder] --><!-- End Give Lively Fundraising Widget -->[\/et_pb_code][et_pb_text _builder_version=&#8221;4.27.5&#8243; _module_preset=&#8221;default&#8221; text_line_height=&#8221;1.2em&#8221; header_2_font_size=&#8221;32px&#8221; global_colors_info=&#8221;{}&#8221;]<\/p>\n<h2 style=\"text-align: center;\"><span style=\"font-family: inherit;\"><b>HEAF welcomes your support to ensure every student has the courage to dream big\u2014and the support to make those dreams real.<\/b><\/span><\/h2>\n<p>&nbsp;<\/p>\n<p style=\"text-align: center;\"><span style=\"font-family: inherit;\"><span style=\"font-weight: 400;\">Because of generous supporters like you, <\/span><b>100% of our students graduate high school and enroll in college<\/b><span style=\"font-weight: 400;\">. These aren\u2019t just numbers\u2014they\u2019re lives transformed.<\/span><\/span><\/p>\n<p style=\"text-align: center;\">Your tax\u2011deductible gift helps us provide youth from Harlem, the Bronx, and other under\u2011resourced NYC communities with the tools, guidance, and inspiration to thrive in middle school, high school, college, and into meaningful careers.<\/p>\n<p style=\"text-align: center;\"><strong>We can\u2019t do it alone. Thank you for standing with our students\u2014and helping make their dreams real.<\/strong><\/p>\n<p>[\/et_pb_text][\/et_pb_column][\/et_pb_row][et_pb_row _builder_version=&#8221;4.27.5&#8243; _module_preset=&#8221;default&#8221; global_colors_info=&#8221;{}&#8221;][et_pb_column type=&#8221;4_4&#8243; _builder_version=&#8221;4.27.5&#8243; _module_preset=&#8221;default&#8221; global_colors_info=&#8221;{}&#8221;][et_pb_heading title=&#8221;Other Ways to Give&#8221; _builder_version=&#8221;4.27.4&#8243; _module_preset=&#8221;default&#8221; global_colors_info=&#8221;{}&#8221;][\/et_pb_heading][et_pb_toggle title=&#8221;Give by Check&#8221; open_toggle_text_color=&#8221;#234289&#8243; open_toggle_background_color=&#8221;#FFFFFF&#8221; closed_toggle_background_color=&#8221;#F79420&#8243; icon_color=&#8221;#FFFFFF&#8221; toggle_icon=&#8221;&#x37;||divi||400&#8243; admin_label=&#8221;Check&#8221; _builder_version=&#8221;4.27.4&#8243; _module_preset=&#8221;default&#8221; title_text_color=&#8221;#FFFFFF&#8221; title_font_size=&#8221;26px&#8221; global_colors_info=&#8221;{}&#8221;]<\/p>\n<p>Please make checks payable to the Harlem Educational Activities Fund and mail<\/p>\n<p>Harlem Educational Activities Fund<br \/>Attn: Stefin Woolever<br \/>8 W. 126th Street<br \/>WeWork, 3rd Floor<br \/>New York, NY 10027<\/p>\n<p>To notify us of a gift being sent please contact <a href=\"mailto:give@heaf.org\">give@heaf.org<\/a><\/p>\n<p>[\/et_pb_toggle][et_pb_toggle title=&#8221;Give by Donor Advised Fund&#8221; open_toggle_text_color=&#8221;#234289&#8243; open_toggle_background_color=&#8221;#FFFFFF&#8221; closed_toggle_background_color=&#8221;#F79420&#8243; icon_color=&#8221;#FFFFFF&#8221; toggle_icon=&#8221;&#x37;||divi||400&#8243; admin_label=&#8221;DAF&#8221; module_class=&#8221;toggle-container&#8221; _builder_version=&#8221;4.27.4&#8243; _module_preset=&#8221;default&#8221; title_text_color=&#8221;#FFFFFF&#8221; title_font_size=&#8221;26px&#8221; global_colors_info=&#8221;{}&#8221;]<\/p>\n<p>Supporting HEAF through a <strong>donor-advised fund (DAF)<\/strong> is a simple and impactful way to invest in the success of young scholars. A DAF allows you to recommend grants to HEAF while benefiting from tax advantages and flexible giving options.<\/p>\n<p><strong>Fill out the form below to go directly to your DAF account or follow the steps below!<\/strong><\/p>\n<p><strong>How to Make a DAF Gift to HEAF:<\/strong><\/p>\n<ol start=\"1\">\n<li><strong>Contact Your DAF Provider<\/strong> \u2013 Log into your donor-advised fund account or speak with your financial advisor to initiate a grant recommendation.<\/li>\n<li><strong>Provide HEAF\u2019s Information<\/strong> \u2013 When recommending a grant, use the following details:\n<ul>\n<li><strong>Legal Name:<\/strong> Harlem Educational Activities Fund<\/li>\n<li><strong>Tax ID:<\/strong> 13-3568672<\/li>\n<li><strong>Mailing Address:<\/strong> 2090 Adam Clayton Powell Jr. Blvd, 10th Floor, New York, NY 10027<\/li>\n<\/ul>\n<\/li>\n<li><strong>Specify Grant Purpose<\/strong> \u2013 You may designate your gift for <strong>general support<\/strong> or a specific program or campaign.<\/li>\n<li><strong>Notify Us<\/strong> \u2013 If you\u2019ve made a grant recommendation, let us know at <a href=\"mailto:give@heaf.org\">give@heaf.org<\/a> so we can acknowledge and recognize your generosity.<\/li>\n<\/ol>\n<p>[\/et_pb_toggle][et_pb_code admin_label=&#8221;DAF LABEL&#8221; module_class=&#8221;widget-code&#8221; _builder_version=&#8221;4.27.4&#8243; _module_preset=&#8221;default&#8221; global_colors_info=&#8221;{}&#8221;]<script type=\"text\/javascript\"><!-- [et_pb_line_break_holder] -->  document.addEventListener(\"DOMContentLoaded\", function () {<!-- [et_pb_line_break_holder] -->    _dafdirect_settings = \"133568672_2111_8cab1f3b-82d9-463d-aa31-5d11d06a867b\";<!-- [et_pb_line_break_holder] -->  });<!-- [et_pb_line_break_holder] --><\/script><!-- [et_pb_line_break_holder] --><script<!-- [et_pb_line_break_holder] -->  type=&#8221;text\/javascript&#8221;<!-- [et_pb_line_break_holder] -->  src=&#8221;https:\/\/www.dafdirect.org\/ddirect\/dafdirect4.js&#8221;<!-- [et_pb_line_break_holder] -->><\/script>[\/et_pb_code][et_pb_code admin_label=&#8221;DAF Code&#8221; _builder_version=&#8221;4.27.4&#8243; _module_preset=&#8221;default&#8221; global_colors_info=&#8221;{}&#8221;]<script><!-- [et_pb_line_break_holder] -->jQuery(document).ready(function($) {<!-- [et_pb_line_break_holder] -->    $('.widget-code').appendTo('.toggle-container .et_pb_toggle_content');<!-- [et_pb_line_break_holder] -->});<!-- [et_pb_line_break_holder] --><\/script><!-- [et_pb_line_break_holder] -->[\/et_pb_code][et_pb_toggle title=&#8221;Give by Wire or Stock Transfer&#8221; open_toggle_text_color=&#8221;#234289&#8243; open_toggle_background_color=&#8221;#FFFFFF&#8221; closed_toggle_background_color=&#8221;#F79420&#8243; icon_color=&#8221;#FFFFFF&#8221; toggle_icon=&#8221;&#x37;||divi||400&#8243; admin_label=&#8221;Wire &#038; Stock&#8221; _builder_version=&#8221;4.27.4&#8243; _module_preset=&#8221;default&#8221; title_text_color=&#8221;#FFFFFF&#8221; title_font_size=&#8221;26px&#8221; global_colors_info=&#8221;{}&#8221;]<\/p>\n<p>We are happy to accept contributions via wire transfer or stock donation.<\/p>\n<p>To inquire about the process, please contact <a href=\"mailto:give@heaf.org\">give@heaf.org<\/a><\/p>\n<p>[\/et_pb_toggle][et_pb_toggle title=&#8221;Planned and Legacy Giving&#8221; open_toggle_text_color=&#8221;#234289&#8243; open_toggle_background_color=&#8221;#FFFFFF&#8221; closed_toggle_background_color=&#8221;#F79420&#8243; icon_color=&#8221;#FFFFFF&#8221; toggle_icon=&#8221;&#x37;||divi||400&#8243; admin_label=&#8221;Planned Giving&#8221; _builder_version=&#8221;4.27.4&#8243; _module_preset=&#8221;default&#8221; title_text_color=&#8221;#FFFFFF&#8221; title_font_size=&#8221;26px&#8221; global_colors_info=&#8221;{}&#8221;]<\/p>\n<p><strong>Planned Giving: Create a Legacy of Impact<\/strong> Planned giving allows you to make a lasting difference through contributions that extend beyond today. Whether through <strong>bequests, charitable trusts, life insurance, or stock donations<\/strong>, your support ensures future generations benefit from our mission. By including [HEAF] in your estate plans, you help secure brighter futures for New York City\u2019s most deserving students.<\/p>\n<p>This information is not intended to be legal or tax advice. Donors are encouraged to consult with an attorney or other professional advisors in making a bequest to the Harlem Educational Activities Fund.<\/p>\n<p>Please use the following information on all legal documents pertaining to your planned gift:<\/p>\n<ul>\n<li>Organization Name: Harlem Educational Activities Fund<\/li>\n<li>Federal Tax ID #:13-3568672<\/li>\n<li>Address: 8 W. 126th Street, WeWork, 3rd Floor, New York, NY 10027<\/li>\n<\/ul>\n<p>To notify us of a gift or for help designating your planned gift to a specific fund or program, please contact give@heaf.org<\/p>\n<p>[\/et_pb_toggle][\/et_pb_column][\/et_pb_row][\/et_pb_section][et_pb_section fb_built=&#8221;1&#8243; custom_padding_last_edited=&#8221;on|desktop&#8221; _builder_version=&#8221;4.16&#8243; _module_preset=&#8221;default&#8221; custom_margin=&#8221;||||false|false&#8221; custom_margin_tablet=&#8221;||||false|false&#8221; custom_margin_last_edited=&#8221;off|tablet&#8221; custom_padding=&#8221;||||false|false&#8221; custom_padding_tablet=&#8221;0px||0px||true|false&#8221; custom_padding_phone=&#8221;0px||0px||true|false&#8221; global_colors_info=&#8221;{}&#8221;][et_pb_row column_structure=&#8221;1_2,1_2&#8243; _builder_version=&#8221;4.27.4&#8243; _module_preset=&#8221;default&#8221; global_colors_info=&#8221;{}&#8221;][et_pb_column type=&#8221;1_2&#8243; _builder_version=&#8221;4.27.4&#8243; _module_preset=&#8221;default&#8221; global_colors_info=&#8221;{}&#8221;][et_pb_text _builder_version=&#8221;4.27.5&#8243; _module_preset=&#8221;default&#8221; text_orientation=&#8221;center&#8221; global_colors_info=&#8221;{}&#8221;]<\/p>\n<p>HEAF is a Charity Navigator Four Star Charity.<br \/><a href=\"https:\/\/www.charitynavigator.org\/ein\/133568672\" target=\"_blank\" rel=\"noopener\">HEAF&#8217;s profile on CharityNavigator.org<\/a><\/p>\n<p>&nbsp;<\/p>\n<p>[\/et_pb_text][\/et_pb_column][et_pb_column type=&#8221;1_2&#8243; _builder_version=&#8221;4.27.4&#8243; _module_preset=&#8221;default&#8221; global_colors_info=&#8221;{}&#8221;][et_pb_text _builder_version=&#8221;4.27.5&#8243; _module_preset=&#8221;default&#8221; text_orientation=&#8221;center&#8221; global_colors_info=&#8221;{}&#8221;]<\/p>\n<p>HEAF is a GuideStar Exchange Silver Participant.<br \/><a href=\"https:\/\/www.guidestar.org\/profile\/13-3568672\" target=\"_blank\" rel=\"noopener\">HEAF&#8217;s profile on GuideStar.org<\/a><\/p>\n<p>[\/et_pb_text][\/et_pb_column][\/et_pb_row][\/et_pb_section]<\/p>\n","protected":false},"excerpt":{"rendered":"<p>Support students to achieve their dreams! DONATE TODAY!HEAF welcomes your support to ensure every student has the courage to dream big\u2014and the support to make those dreams real. &nbsp; Because of generous supporters like you, 100% of our students graduate high school and enroll in college. These aren\u2019t just numbers\u2014they\u2019re lives transformed. Your tax\u2011deductible gift [&hellip;]<\/p>\n","protected":false},"author":3,"featured_media":0,"parent":0,"menu_order":0,"comment_status":"closed","ping_status":"closed","template":"","meta":{"_et_pb_use_builder":"on","_et_pb_old_content":"","_et_gb_content_width":"","footnotes":""},"class_list":["post-11367","page","type-page","status-publish","hentry"],"yoast_head":"<!-- This site is optimized with the Yoast SEO plugin v27.4 - https:\/\/yoast.com\/product\/yoast-seo-wordpress\/ -->\n<title>Donate - HEAF<\/title>\n<meta name=\"description\" content=\"HEAF welcomes your support to provide tuition-free programming that ensures brighter futures for New York City\u2019s most deserving students.\" \/>\n<meta name=\"robots\" content=\"index, follow, max-snippet:-1, max-image-preview:large, max-video-preview:-1\" \/>\n<link rel=\"canonical\" href=\"https:\/\/heaf.org\/es\/donate\/\" \/>\n<meta property=\"og:locale\" content=\"es_ES\" \/>\n<meta property=\"og:type\" content=\"article\" \/>\n<meta property=\"og:title\" content=\"Donate - HEAF\" \/>\n<meta property=\"og:description\" content=\"HEAF welcomes your support to provide tuition-free programming that ensures brighter futures for New York City\u2019s most deserving students.\" \/>\n<meta property=\"og:url\" content=\"https:\/\/heaf.org\/es\/donate\/\" \/>\n<meta property=\"og:site_name\" content=\"HEAF\" \/>\n<meta property=\"article:publisher\" content=\"https:\/\/www.facebook.com\/HEAFNYC\" \/>\n<meta property=\"article:modified_time\" content=\"2026-03-19T18:33:16+00:00\" \/>\n<meta name=\"twitter:card\" content=\"summary_large_image\" \/>\n<meta name=\"twitter:site\" content=\"@heafnyc\" \/>\n<meta name=\"twitter:label1\" content=\"Est. reading time\" \/>\n\t<meta name=\"twitter:data1\" content=\"3 minutos\" \/>\n<script type=\"application\/ld+json\" class=\"yoast-schema-graph\">{\"@context\":\"https:\\\/\\\/schema.org\",\"@graph\":[{\"@type\":\"WebPage\",\"@id\":\"https:\\\/\\\/heaf.org\\\/donate\\\/\",\"url\":\"https:\\\/\\\/heaf.org\\\/donate\\\/\",\"name\":\"Donate - HEAF\",\"isPartOf\":{\"@id\":\"https:\\\/\\\/heaf.org\\\/#website\"},\"datePublished\":\"2018-03-19T18:42:09+00:00\",\"dateModified\":\"2026-03-19T18:33:16+00:00\",\"description\":\"HEAF welcomes your support to provide tuition-free programming that ensures brighter futures for New York City\u2019s most deserving students.\",\"breadcrumb\":{\"@id\":\"https:\\\/\\\/heaf.org\\\/donate\\\/#breadcrumb\"},\"inLanguage\":\"es\",\"potentialAction\":[{\"@type\":\"ReadAction\",\"target\":[\"https:\\\/\\\/heaf.org\\\/donate\\\/\"]}]},{\"@type\":\"BreadcrumbList\",\"@id\":\"https:\\\/\\\/heaf.org\\\/donate\\\/#breadcrumb\",\"itemListElement\":[{\"@type\":\"ListItem\",\"position\":1,\"name\":\"Home\",\"item\":\"https:\\\/\\\/heaf.org\\\/\"},{\"@type\":\"ListItem\",\"position\":2,\"name\":\"Donate\"}]},{\"@type\":\"WebSite\",\"@id\":\"https:\\\/\\\/heaf.org\\\/#website\",\"url\":\"https:\\\/\\\/heaf.org\\\/\",\"name\":\"HEAF\",\"description\":\"Harlem Educational Activities Fund\",\"publisher\":{\"@id\":\"https:\\\/\\\/heaf.org\\\/#organization\"},\"potentialAction\":[{\"@type\":\"SearchAction\",\"target\":{\"@type\":\"EntryPoint\",\"urlTemplate\":\"https:\\\/\\\/heaf.org\\\/?s={search_term_string}\"},\"query-input\":{\"@type\":\"PropertyValueSpecification\",\"valueRequired\":true,\"valueName\":\"search_term_string\"}}],\"inLanguage\":\"es\"},{\"@type\":\"Organization\",\"@id\":\"https:\\\/\\\/heaf.org\\\/#organization\",\"name\":\"HEAF\",\"url\":\"https:\\\/\\\/heaf.org\\\/\",\"logo\":{\"@type\":\"ImageObject\",\"inLanguage\":\"es\",\"@id\":\"https:\\\/\\\/heaf.org\\\/#\\\/schema\\\/logo\\\/image\\\/\",\"url\":\"https:\\\/\\\/heaf.org\\\/wp-content\\\/uploads\\\/2021\\\/09\\\/HEAF-mobile-logo1.jpg\",\"contentUrl\":\"https:\\\/\\\/heaf.org\\\/wp-content\\\/uploads\\\/2021\\\/09\\\/HEAF-mobile-logo1.jpg\",\"width\":594,\"height\":157,\"caption\":\"HEAF\"},\"image\":{\"@id\":\"https:\\\/\\\/heaf.org\\\/#\\\/schema\\\/logo\\\/image\\\/\"},\"sameAs\":[\"https:\\\/\\\/www.facebook.com\\\/HEAFNYC\",\"https:\\\/\\\/x.com\\\/heafnyc\",\"https:\\\/\\\/www.instagram.com\\\/heafnyc\",\"https:\\\/\\\/linkedin.com\\\/company\\\/heaf-inc.\",\"https:\\\/\\\/www.youtube.com\\\/channel\\\/UCOGiv6rIuT_-gkFE0RQfKag\\\/videos\"]}]}<\/script>\n<!-- \/ Yoast SEO plugin. -->","yoast_head_json":{"title":"Donar - HEAF","description":"HEAF agradece su apoyo para ofrecer una programaci\u00f3n gratuita que garantice un futuro m\u00e1s brillante para los estudiantes m\u00e1s merecedores de la ciudad de Nueva York.","robots":{"index":"index","follow":"follow","max-snippet":"max-snippet:-1","max-image-preview":"max-image-preview:large","max-video-preview":"max-video-preview:-1"},"canonical":"https:\/\/heaf.org\/es\/donate\/","og_locale":"es_ES","og_type":"article","og_title":"Donate - HEAF","og_description":"HEAF welcomes your support to provide tuition-free programming that ensures brighter futures for New York City\u2019s most deserving students.","og_url":"https:\/\/heaf.org\/es\/donate\/","og_site_name":"HEAF","article_publisher":"https:\/\/www.facebook.com\/HEAFNYC","article_modified_time":"2026-03-19T18:33:16+00:00","twitter_card":"summary_large_image","twitter_site":"@heafnyc","twitter_misc":{"Est. reading time":"3 minutos"},"schema":{"@context":"https:\/\/schema.org","@graph":[{"@type":"WebPage","@id":"https:\/\/heaf.org\/donate\/","url":"https:\/\/heaf.org\/donate\/","name":"Donar - HEAF","isPartOf":{"@id":"https:\/\/heaf.org\/#website"},"datePublished":"2018-03-19T18:42:09+00:00","dateModified":"2026-03-19T18:33:16+00:00","description":"HEAF agradece su apoyo para ofrecer una programaci\u00f3n gratuita que garantice un futuro m\u00e1s brillante para los estudiantes m\u00e1s merecedores de la ciudad de Nueva York.","breadcrumb":{"@id":"https:\/\/heaf.org\/donate\/#breadcrumb"},"inLanguage":"es","potentialAction":[{"@type":"ReadAction","target":["https:\/\/heaf.org\/donate\/"]}]},{"@type":"BreadcrumbList","@id":"https:\/\/heaf.org\/donate\/#breadcrumb","itemListElement":[{"@type":"ListItem","position":1,"name":"Home","item":"https:\/\/heaf.org\/"},{"@type":"ListItem","position":2,"name":"Donate"}]},{"@type":"WebSite","@id":"https:\/\/heaf.org\/#website","url":"https:\/\/heaf.org\/","name":"Pez","description":"Fondo de Actividades Educativas de Harlem","publisher":{"@id":"https:\/\/heaf.org\/#organization"},"potentialAction":[{"@type":"SearchAction","target":{"@type":"EntryPoint","urlTemplate":"https:\/\/heaf.org\/?s={search_term_string}"},"query-input":{"@type":"PropertyValueSpecification","valueRequired":true,"valueName":"search_term_string"}}],"inLanguage":"es"},{"@type":"Organization","@id":"https:\/\/heaf.org\/#organization","name":"Pez","url":"https:\/\/heaf.org\/","logo":{"@type":"ImageObject","inLanguage":"es","@id":"https:\/\/heaf.org\/#\/schema\/logo\/image\/","url":"https:\/\/heaf.org\/wp-content\/uploads\/2021\/09\/HEAF-mobile-logo1.jpg","contentUrl":"https:\/\/heaf.org\/wp-content\/uploads\/2021\/09\/HEAF-mobile-logo1.jpg","width":594,"height":157,"caption":"HEAF"},"image":{"@id":"https:\/\/heaf.org\/#\/schema\/logo\/image\/"},"sameAs":["https:\/\/www.facebook.com\/HEAFNYC","https:\/\/x.com\/heafnyc","https:\/\/www.instagram.com\/heafnyc","https:\/\/linkedin.com\/company\/heaf-inc.","https:\/\/www.youtube.com\/channel\/UCOGiv6rIuT_-gkFE0RQfKag\/videos"]}]}},"jetpack_sharing_enabled":true,"_links":{"self":[{"href":"https:\/\/heaf.org\/es\/wp-json\/wp\/v2\/pages\/11367","targetHints":{"allow":["GET"]}}],"collection":[{"href":"https:\/\/heaf.org\/es\/wp-json\/wp\/v2\/pages"}],"about":[{"href":"https:\/\/heaf.org\/es\/wp-json\/wp\/v2\/types\/page"}],"author":[{"embeddable":true,"href":"https:\/\/heaf.org\/es\/wp-json\/wp\/v2\/users\/3"}],"replies":[{"embeddable":true,"href":"https:\/\/heaf.org\/es\/wp-json\/wp\/v2\/comments?post=11367"}],"version-history":[{"count":66,"href":"https:\/\/heaf.org\/es\/wp-json\/wp\/v2\/pages\/11367\/revisions"}],"predecessor-version":[{"id":35218,"href":"https:\/\/heaf.org\/es\/wp-json\/wp\/v2\/pages\/11367\/revisions\/35218"}],"wp:attachment":[{"href":"https:\/\/heaf.org\/es\/wp-json\/wp\/v2\/media?parent=11367"}],"curies":[{"name":"gracias","href":"https:\/\/api.w.org\/{rel}","templated":true}]}}